{"id":32857,"date":"2019-04-05T12:32:03","date_gmt":"2019-04-05T10:32:03","guid":{"rendered":"https:\/\/www.select-hydrofoils.com\/windsurfing\/screws\/"},"modified":"2024-01-17T15:10:45","modified_gmt":"2024-01-17T14:10:45","slug":"screws","status":"publish","type":"page","link":"https:\/\/www.select-hydrofoils.com\/en\/screws\/","title":{"rendered":"Screws"},"content":{"rendered":"<p>[et_pb_section fb_built=&#8221;1&#8243; _builder_version=&#8221;3.22&#8243; custom_padding=&#8221;54px|0px|55px|0px|false|false&#8221;][et_pb_row _builder_version=&#8221;3.25&#8243; custom_padding=&#8221;27px|0px|5px|0px|false|false&#8221;][et_pb_column type=&#8221;4_4&#8243; _builder_version=&#8221;3.25&#8243; custom_padding=&#8221;|||&#8221; custom_padding__hover=&#8221;|||&#8221;][et_pb_text _builder_version=&#8221;3.27.4&#8243; text_font=&#8221;||||||||&#8221; text_font_size=&#8221;30px&#8221; custom_margin=&#8221;||0px&#8221; custom_padding=&#8221;||8px&#8221; border_width_bottom=&#8221;2px&#8221;]Nuts &amp; Bolts[\/et_pb_text][\/et_pb_column][\/et_pb_row][et_pb_row _builder_version=&#8221;3.25&#8243; custom_padding=&#8221;0|0px|0|0px|false|false&#8221;][et_pb_column type=&#8221;4_4&#8243; _builder_version=&#8221;3.25&#8243; custom_padding=&#8221;|||&#8221; custom_padding__hover=&#8221;|||&#8221;][et_pb_image src=&#8221;https:\/\/www.select-hydrofoils.com\/wp-content\/uploads\/2019\/04\/VISSERIES-510x288px.png&#8221; align=&#8221;center&#8221; align_tablet=&#8221;center&#8221; align_last_edited=&#8221;on|desktop&#8221; _builder_version=&#8221;3.23&#8243;][\/et_pb_image][\/et_pb_column][\/et_pb_row][et_pb_row _builder_version=&#8221;3.25&#8243; custom_padding=&#8221;0|0px|0|0px|false|false&#8221; column_structure=&#8221;1_3,1_3,1_3&#8243;][et_pb_column type=&#8221;1_3&#8243; _builder_version=&#8221;3.25&#8243; custom_padding=&#8221;|||&#8221; custom_padding__hover=&#8221;|||&#8221;][et_pb_divider color=&#8221;#000000&#8243; divider_position=&#8221;center&#8221; divider_weight=&#8221;2px&#8221; _builder_version=&#8221;3.21.4&#8243;][\/et_pb_divider][et_pb_image src=&#8221;https:\/\/www.select-hydrofoils.com\/wp-content\/uploads\/2019\/04\/VIS-BOX.vis_.D6-25-320x220px.png&#8221; align_tablet=&#8221;center&#8221; align_last_edited=&#8221;on|desktop&#8221; _builder_version=&#8221;3.23&#8243;][\/et_pb_image][et_pb_text admin_label=&#8221;Vis 6&#215;25&#8243; _builder_version=&#8221;3.27.4&#8243; text_font=&#8221;Roboto||||||||&#8221; text_font_size=&#8221;16px&#8221; text_orientation=&#8221;center&#8221;]Screw \u00d86 x 25mm (Pack of 10) | [\/et_pb_text][et_pb_button button_url=&#8221;https:\/\/www.select-hydrofoils.com\/en\/shopping-cart\/?add-to-cart=32836&#8243; button_text=&#8221;Add to cart&#8221; button_alignment=&#8221;center&#8221; admin_label=&#8221;Bouton 6&#215;25&#8243; _builder_version=&#8221;3.21.4&#8243; custom_button=&#8221;on&#8221; button_font=&#8221;Roboto||||||||&#8221; button_use_icon=&#8221;off&#8221;][\/et_pb_button][et_pb_divider color=&#8221;#000000&#8243; divider_position=&#8221;center&#8221; divider_weight=&#8221;2px&#8221; _builder_version=&#8221;3.21.4&#8243;][\/et_pb_divider][et_pb_image src=&#8221;https:\/\/www.select-hydrofoils.com\/wp-content\/uploads\/2019\/04\/VIS-BOX.vis_.D6-60-320x220px.png&#8221; align_tablet=&#8221;center&#8221; align_last_edited=&#8221;on|desktop&#8221; _builder_version=&#8221;3.23&#8243;][\/et_pb_image][et_pb_text admin_label=&#8221;Vis 6&#215;60&#8243; _builder_version=&#8221;3.27.4&#8243; text_font=&#8221;Roboto||||||||&#8221; text_font_size=&#8221;16px&#8221; text_orientation=&#8221;center&#8221;]Screw \u00d86 x 60mm (Pack of 10) | [\/et_pb_text][et_pb_button button_url=&#8221;https:\/\/www.select-hydrofoils.com\/en\/shopping-cart\/?add-to-cart=32846&#8243; button_text=&#8221;Add to cart&#8221; button_alignment=&#8221;center&#8221; admin_label=&#8221;Bouton 6&#215;60&#8243; _builder_version=&#8221;3.21.4&#8243; custom_button=&#8221;on&#8221; button_font=&#8221;Roboto||||||||&#8221; button_use_icon=&#8221;off&#8221;][\/et_pb_button][et_pb_divider color=&#8221;#000000&#8243; divider_position=&#8221;center&#8221; divider_weight=&#8221;2px&#8221; _builder_version=&#8221;3.21.4&#8243;][\/et_pb_divider][et_pb_image src=&#8221;https:\/\/www.select-hydrofoils.com\/wp-content\/uploads\/2019\/04\/VIS-NUT.laiton.D9-320x220px.png&#8221; align_tablet=&#8221;center&#8221; align_last_edited=&#8221;on|desktop&#8221; _builder_version=&#8221;3.23&#8243;][\/et_pb_image][et_pb_text admin_label=&#8221;Inserts Laiton&#8221; _builder_version=&#8221;3.27.4&#8243; text_font=&#8221;Roboto||||||||&#8221; text_font_size=&#8221;16px&#8221; text_orientation=&#8221;center&#8221;]Brass Inserts \u00d89 (Pack of 10) | [\/et_pb_text][et_pb_button button_url=&#8221;https:\/\/www.select-hydrofoils.com\/en\/shopping-cart\/?add-to-cart=32850&#8243; button_text=&#8221;Add to cart&#8221; button_alignment=&#8221;center&#8221; admin_label=&#8221;Bouton Inserts Laiton&#8221; _builder_version=&#8221;3.21.4&#8243; custom_button=&#8221;on&#8221; button_font=&#8221;Roboto||||||||&#8221; button_use_icon=&#8221;off&#8221;][\/et_pb_button][et_pb_divider color=&#8221;#000000&#8243; divider_position=&#8221;center&#8221; divider_weight=&#8221;2px&#8221; _builder_version=&#8221;3.21.4&#8243;][\/et_pb_divider][\/et_pb_column][et_pb_column type=&#8221;1_3&#8243; _builder_version=&#8221;3.25&#8243; custom_padding=&#8221;|||&#8221; custom_padding__hover=&#8221;|||&#8221;][et_pb_divider color=&#8221;#000000&#8243; divider_position=&#8221;center&#8221; divider_weight=&#8221;2px&#8221; _builder_version=&#8221;3.21.4&#8243;][\/et_pb_divider][et_pb_image src=&#8221;https:\/\/www.select-hydrofoils.com\/wp-content\/uploads\/2019\/04\/VIS-BOX.vis_.D6-40-320x220px.png&#8221; align_tablet=&#8221;center&#8221; align_last_edited=&#8221;on|desktop&#8221; _builder_version=&#8221;3.23&#8243;][\/et_pb_image][et_pb_text admin_label=&#8221;Vis 6&#215;40&#8243; _builder_version=&#8221;3.27.4&#8243; text_font=&#8221;Roboto||||||||&#8221; text_font_size=&#8221;16px&#8221; text_orientation=&#8221;center&#8221;]Screws \u00d86 x 40mm (Pack of 10) | [\/et_pb_text][et_pb_button button_url=&#8221;https:\/\/www.select-hydrofoils.com\/en\/shopping-cart\/?add-to-cart=32844&#8243; button_text=&#8221;Add to cart&#8221; button_alignment=&#8221;center&#8221; admin_label=&#8221;Bouton 6&#215;40&#8243; _builder_version=&#8221;3.21.4&#8243; custom_button=&#8221;on&#8221; button_font=&#8221;Roboto||||||||&#8221; button_use_icon=&#8221;off&#8221;][\/et_pb_button][et_pb_divider color=&#8221;#000000&#8243; divider_position=&#8221;center&#8221; divider_weight=&#8221;2px&#8221; _builder_version=&#8221;3.21.4&#8243;][\/et_pb_divider][et_pb_image src=&#8221;https:\/\/www.select-hydrofoils.com\/wp-content\/uploads\/2019\/04\/VIS-BOX.vis_.D6-80-320x220px.png&#8221; align_tablet=&#8221;center&#8221; align_last_edited=&#8221;on|desktop&#8221; _builder_version=&#8221;3.23&#8243;][\/et_pb_image][et_pb_text admin_label=&#8221;Vis 6&#215;80&#8243; _builder_version=&#8221;3.27.4&#8243; text_font=&#8221;Roboto||||||||&#8221; text_font_size=&#8221;16px&#8221; text_orientation=&#8221;center&#8221;]Screws \u00d86 x 80mm (Pack of 10) | [\/et_pb_text][et_pb_button button_url=&#8221;https:\/\/www.select-hydrofoils.com\/en\/shopping-cart\/?add-to-cart=32847&#8243; button_text=&#8221;Add to cart&#8221; button_alignment=&#8221;center&#8221; admin_label=&#8221;Bouton 6&#215;80&#8243; _builder_version=&#8221;3.21.4&#8243; custom_button=&#8221;on&#8221; button_font=&#8221;Roboto||||||||&#8221; button_use_icon=&#8221;off&#8221;][\/et_pb_button][et_pb_divider color=&#8221;#000000&#8243; divider_position=&#8221;center&#8221; divider_weight=&#8221;2px&#8221; _builder_version=&#8221;3.21.4&#8243;][\/et_pb_divider][et_pb_image src=&#8221;https:\/\/www.select-hydrofoils.com\/wp-content\/uploads\/2019\/04\/VIS-Rondelle.inox-320x220px.png&#8221; align_tablet=&#8221;center&#8221; align_last_edited=&#8221;on|desktop&#8221; _builder_version=&#8221;3.23&#8243;][\/et_pb_image][et_pb_text admin_label=&#8221;Rondelles Inox&#8221; _builder_version=&#8221;3.27.4&#8243; text_font=&#8221;Roboto||||||||&#8221; text_font_size=&#8221;16px&#8221; text_orientation=&#8221;center&#8221;]Stainless Steel Washers (Pack of 10) | [\/et_pb_text][et_pb_button button_url=&#8221;https:\/\/www.select-hydrofoils.com\/en\/shopping-cart\/?add-to-cart=32851&#8243; button_text=&#8221;Add to cart&#8221; button_alignment=&#8221;center&#8221; admin_label=&#8221;Bouton Rondelles Inox&#8221; _builder_version=&#8221;3.21.4&#8243; custom_button=&#8221;on&#8221; button_font=&#8221;Roboto||||||||&#8221; button_use_icon=&#8221;off&#8221;][\/et_pb_button][et_pb_divider color=&#8221;#000000&#8243; divider_position=&#8221;center&#8221; divider_weight=&#8221;2px&#8221; _builder_version=&#8221;3.21.4&#8243;][\/et_pb_divider][\/et_pb_column][et_pb_column type=&#8221;1_3&#8243; _builder_version=&#8221;3.25&#8243; custom_padding=&#8221;|||&#8221; custom_padding__hover=&#8221;|||&#8221;][et_pb_divider color=&#8221;#000000&#8243; divider_position=&#8221;center&#8221; divider_weight=&#8221;2px&#8221; _builder_version=&#8221;3.21.4&#8243;][\/et_pb_divider][et_pb_image src=&#8221;https:\/\/www.select-hydrofoils.com\/wp-content\/uploads\/2019\/04\/VIS-BOX.vis_.D6-50-320x220px.png&#8221; align_tablet=&#8221;center&#8221; align_last_edited=&#8221;on|desktop&#8221; _builder_version=&#8221;3.23&#8243;][\/et_pb_image][et_pb_text admin_label=&#8221;Vis 6&#215;50&#8243; _builder_version=&#8221;3.27.4&#8243; text_font=&#8221;Roboto||||||||&#8221; text_font_size=&#8221;16px&#8221; text_orientation=&#8221;center&#8221;]Screws \u00d86 x 50mm (Pack of 10) | [\/et_pb_text][et_pb_button button_url=&#8221;https:\/\/www.select-hydrofoils.com\/en\/shopping-cart\/?add-to-cart=32845&#8243; button_text=&#8221;Add to cart&#8221; button_alignment=&#8221;center&#8221; admin_label=&#8221;Bouton 6&#215;50&#8243; _builder_version=&#8221;3.21.4&#8243; custom_button=&#8221;on&#8221; button_font=&#8221;Roboto||||||||&#8221; button_use_icon=&#8221;off&#8221;][\/et_pb_button][et_pb_divider color=&#8221;#000000&#8243; divider_position=&#8221;center&#8221; divider_weight=&#8221;2px&#8221; _builder_version=&#8221;3.21.4&#8243;][\/et_pb_divider][et_pb_image src=&#8221;https:\/\/www.select-hydrofoils.com\/wp-content\/uploads\/2019\/04\/VIS-Screw-System-320x220px.png&#8221; align_tablet=&#8221;center&#8221; align_last_edited=&#8221;on|desktop&#8221; _builder_version=&#8221;3.23&#8243;][\/et_pb_image][et_pb_text admin_label=&#8221;Screw system&#8221; _builder_version=&#8221;3.27.4&#8243; text_font=&#8221;Roboto||||||||&#8221; text_font_size=&#8221;16px&#8221; text_orientation=&#8221;center&#8221;]Screw System (Pack of 10) | [\/et_pb_text][et_pb_button button_url=&#8221;https:\/\/www.select-hydrofoils.com\/en\/shopping-cart\/?add-to-cart=32848&#8243; button_text=&#8221;Add to cart&#8221; button_alignment=&#8221;center&#8221; admin_label=&#8221;Bouton Screw system&#8221; _builder_version=&#8221;3.21.4&#8243; custom_button=&#8221;on&#8221; button_font=&#8221;Roboto||||||||&#8221; button_use_icon=&#8221;off&#8221;][\/et_pb_button][et_pb_divider color=&#8221;#000000&#8243; divider_position=&#8221;center&#8221; divider_weight=&#8221;2px&#8221; _builder_version=&#8221;3.21.4&#8243;][\/et_pb_divider][et_pb_image src=&#8221;https:\/\/www.select-hydrofoils.com\/wp-content\/uploads\/2019\/04\/VIS-VisCARRE-320x220px.png&#8221; align_tablet=&#8221;center&#8221; align_last_edited=&#8221;on|desktop&#8221; _builder_version=&#8221;3.23&#8243;][\/et_pb_image][et_pb_text admin_label=&#8221;Vis + Carr\u00e9 US&#8221; _builder_version=&#8221;3.27.4&#8243; text_font=&#8221;Roboto||||||||&#8221; text_font_size=&#8221;16px&#8221; text_orientation=&#8221;center&#8221;]Screw + US Box plate (Pack of 10) | [\/et_pb_text][et_pb_button button_url=&#8221;https:\/\/www.select-hydrofoils.com\/en\/shopping-cart\/?add-to-cart=32853&#8243; button_text=&#8221;Add to cart&#8221; button_alignment=&#8221;center&#8221; admin_label=&#8221;Bouton Vis + Carr\u00e9 US&#8221; _builder_version=&#8221;3.21.4&#8243; custom_button=&#8221;on&#8221; button_font=&#8221;Roboto||||||||&#8221; button_use_icon=&#8221;off&#8221;][\/et_pb_button][et_pb_divider color=&#8221;#000000&#8243; divider_position=&#8221;center&#8221; divider_weight=&#8221;2px&#8221; _builder_version=&#8221;3.21.4&#8243;][\/et_pb_divider][\/et_pb_column][\/et_pb_row][\/et_pb_section]<\/p>\n","protected":false},"excerpt":{"rendered":"<p>Nuts &amp; BoltsScrew \u00d86 x 25mm (Pack of 10) | Screw \u00d86 x 60mm (Pack of 10) | Brass Inserts \u00d89 (Pack of 10) | Screws \u00d86 x 40mm (Pack of 10) | Screws \u00d86 x 80mm (Pack of 10) | Stainless Steel Washers (Pack of 10) | Screws [&hellip;]<\/p>\n","protected":false},"author":1,"featured_media":0,"parent":0,"menu_order":0,"comment_status":"closed","ping_status":"closed","template":"","meta":{"_et_pb_use_builder":"on","_et_pb_old_content":"","_et_gb_content_width":"","footnotes":""},"class_list":["post-32857","page","type-page","status-publish","hentry"],"_links":{"self":[{"href":"https:\/\/www.select-hydrofoils.com\/en\/wp-json\/wp\/v2\/pages\/32857","targetHints":{"allow":["GET"]}}],"collection":[{"href":"https:\/\/www.select-hydrofoils.com\/en\/wp-json\/wp\/v2\/pages"}],"about":[{"href":"https:\/\/www.select-hydrofoils.com\/en\/wp-json\/wp\/v2\/types\/page"}],"author":[{"embeddable":true,"href":"https:\/\/www.select-hydrofoils.com\/en\/wp-json\/wp\/v2\/users\/1"}],"replies":[{"embeddable":true,"href":"https:\/\/www.select-hydrofoils.com\/en\/wp-json\/wp\/v2\/comments?post=32857"}],"version-history":[{"count":0,"href":"https:\/\/www.select-hydrofoils.com\/en\/wp-json\/wp\/v2\/pages\/32857\/revisions"}],"wp:attachment":[{"href":"https:\/\/www.select-hydrofoils.com\/en\/wp-json\/wp\/v2\/media?parent=32857"}],"curies":[{"name":"wp","href":"https:\/\/api.w.org\/{rel}","templated":true}]}}