{"id":32235,"date":"2018-12-09T18:01:08","date_gmt":"2018-12-09T17:01:08","guid":{"rendered":"https:\/\/dev.eworkshop.io\/privacy-policy\/"},"modified":"2020-11-16T10:31:40","modified_gmt":"2020-11-16T09:31:40","slug":"privacy-policy","status":"publish","type":"page","link":"https:\/\/www.select-hydrofoils.com\/en\/privacy-policy\/","title":{"rendered":"Privacy Policy"},"content":{"rendered":"<p>[et_pb_section fb_built=&#8221;1&#8243; _builder_version=&#8221;3.22&#8243;][et_pb_row _builder_version=&#8221;3.25&#8243; background_size=&#8221;initial&#8221; background_position=&#8221;top_left&#8221; background_repeat=&#8221;repeat&#8221;][et_pb_column type=&#8221;4_4&#8243; _builder_version=&#8221;3.25&#8243; custom_padding=&#8221;|||&#8221; custom_padding__hover=&#8221;|||&#8221;][et_pb_text _builder_version=&#8221;3.27.4&#8243; background_size=&#8221;initial&#8221; background_position=&#8221;top_left&#8221; background_repeat=&#8221;repeat&#8221;]<\/p>\n<h2>Privacy Policy<\/h2>\n<p id=\"red\">SM Composite privacy statement for sm-composite.com and its affiliates (select-hydrofoils.com \/ select-fins.com \/ select-kayak.com \/ select-paddles.com) designed in the following text as SM Composite websites.<\/p>\n<p id=\"blue\">SELECT\u00ae is a trademark of SM Composite may revise this privacy statement from time to time by updating this posting. Therefore, please visit us regularly and read our privacy statement.<\/p>\n<p><strong>Privacy Statement.<\/strong><\/p>\n<p class=\"reg\">SM Composite is committed to protecting your online privacy when visiting our website. The purpose of this policy is to inform you about the types of information we gather about you and how we use that information, and the choices you have regarding our use of the information.<br \/>\nSM Composite does not require personal information about visitors in order to gain access to any part of our website. Any personal information you may provide will be on a voluntary basis.<\/p>\n<p><strong>Use of Personal Information Which We Collect.<\/strong><\/p>\n<p class=\"reg\">SM Composite complies with the French Privacy Laws and conforms to European Directive 95\/46\/EC on the protection of individuals with regard to the processing of personal data and on the free movement of such data.<\/p>\n<p class=\"reg\">Upon request, you are granted access to your personal information and may request it be amended, corrected or deleted.<\/p>\n<p class=\"reg\">Any such request should be directed to :<\/p>\n<div class=\"reg\">SM Composite<\/div>\n<div>ZI Du Haut Coudray<\/div>\n<div class=\"reg\">6 Bis Rue Thomas Edison<\/div>\n<div class=\"reg\">49460 Montreuil-Juign\u00e9<\/div>\n<div class=\"reg\">France<\/div>\n<div class=\"reg\">We may ask you to provide us with personal information including your name, e-mail address and mailing address so that we may contact you to respond to your comments, questions or requests for information.<\/div>\n<div class=\"reg\">Aside from a reply to your e-mail, it is not our intent to e-mail you unless you request information.<\/div>\n<div class=\"reg\"><\/div>\n<p class=\"reg\">We may perform analysis of user behavior to measure consumer interest in the various areas of our website for product and website development purposes.<\/p>\n<p class=\"reg\">Any information we collect is used for our own internal purposes to improve the content of this website, to enhance users&#8217; experience when visiting our website, and to customize the content and\/or layout of our pages. All analysis of user behavior will be recorded on a group basis, and such analysis may be shared with our website development consultants.<\/p>\n<p class=\"reg\"><strong>Use of Cookies by SM-COMPOSITE.COM<\/strong><\/p>\n<p class=\"reg\">Like many other commercial sites, our site may utilize a standard technology called a &#8220;cookie&#8221; to collect information about how our site is used. Cookies were designed to help a website recognize a user&#8217;s browser as a previous visitor and thus save and remember any preferences that may have been set while the user was previously browsing the site.<\/p>\n<p class=\"reg\">The cookies we use cannot retrieve any other data from your hard drive or pass on a computer virus. Our website may use cookies to enhance your visit. Cookies can securely store a user&#8217;s password, personalize home pages, identify which parts of a site have been visited or keep track of your preferences. Our cookies may collect a domain name and track a path through our web pages.<\/p>\n<p class=\"reg\">We only use cookies to gather the information indicated in this policy and do not use cookies to gather personal identifying information about you without your consent.<\/p>\n<p><strong>Disclosure To Third Parties.<\/strong><\/p>\n<p class=\"reg\">Except as specified herein, we do not share personal information about you with any third party without your prior express permission.<\/p>\n<p class=\"reg\">Please, for further information, thanks to browse the terms of use of this website.<\/p>\n<p>[\/et_pb_text][\/et_pb_column][\/et_pb_row][\/et_pb_section]<\/p>\n","protected":false},"excerpt":{"rendered":"<p>Privacy Policy SM Composite privacy statement for sm-composite.com and its affiliates (select-hydrofoils.com \/ select-fins.com \/ select-kayak.com \/ select-paddles.com) designed in the following text as SM Composite websites. SELECT\u00ae is a trademark of SM Composite may revise this privacy statement from time to time by updating this posting. Therefore, please visit us regularly and read our [&hellip;]<\/p>\n","protected":false},"author":1,"featured_media":0,"parent":0,"menu_order":0,"comment_status":"closed","ping_status":"closed","template":"","meta":{"_et_pb_use_builder":"on","_et_pb_old_content":"<h2>Qui sommes-nous\u00a0?<\/h2><p>L\u2019adresse de notre site Web est\u00a0: https:\/\/www.select-hydrofoils.com.<\/p><h2>Utilisation des donn\u00e9es personnelles collect\u00e9es<\/h2><h3>Commentaires<\/h3><p>Quand vous laissez un commentaire sur notre site web, les donn\u00e9es inscrites dans le formulaire de commentaire, mais aussi votre adresse IP et l\u2019agent utilisateur de votre navigateur sont collect\u00e9s pour nous aider \u00e0 la d\u00e9tection des commentaires ind\u00e9sirables.<\/p><p>Une cha\u00eene anonymis\u00e9e cr\u00e9\u00e9e \u00e0 partir de votre adresse de messagerie (\u00e9galement appel\u00e9e hash) peut \u00eatre envoy\u00e9e au service Gravatar pour v\u00e9rifier si vous utilisez ce dernier. Les clauses de confidentialit\u00e9 du service Gravatar sont disponibles ici\u00a0: https:\/\/automattic.com\/privacy\/. Apr\u00e8s validation de votre commentaire, votre photo de profil sera visible publiquement \u00e0 cot\u00e9 de votre commentaire.<\/p><h3>M\u00e9dias<\/h3><p>Si vous \u00eates un utilisateur ou une utilisatrice enregistr\u00e9\u00b7e et que vous t\u00e9l\u00e9versez des images sur le site web, nous vous conseillons d\u2019\u00e9viter de t\u00e9l\u00e9verser des images contenant des donn\u00e9es EXIF de coordonn\u00e9es GPS. Les visiteurs de votre site web peuvent t\u00e9l\u00e9charger et extraire des donn\u00e9es de localisation depuis ces images.<\/p><h3>Formulaires de contact<\/h3><h3>Cookies<\/h3><p>Si vous d\u00e9posez un commentaire sur notre site, il vous sera propos\u00e9 d\u2019enregistrer votre nom, adresse de messagerie et site web dans des cookies. C\u2019est uniquement pour votre confort afin de ne pas avoir \u00e0 saisir ces informations si vous d\u00e9posez un autre commentaire plus tard. Ces cookies expirent au bout d\u2019un an.<\/p><p>Si vous avez un compte et que vous vous connectez sur ce site, un cookie temporaire sera cr\u00e9\u00e9 afin de d\u00e9terminer si votre navigateur accepte les cookies. Il ne contient pas de donn\u00e9es personnelles et sera supprim\u00e9 automatiquement \u00e0 la fermeture de votre navigateur.<\/p><p>Lorsque vous vous connecterez, nous mettrons en place un certain nombre de cookies pour enregistrer vos informations de connexion et vos pr\u00e9f\u00e9rences d\u2019\u00e9cran. La dur\u00e9e de vie d\u2019un cookie de connexion est de deux jours, celle d\u2019un cookie d\u2019option d\u2019\u00e9cran est d\u2019un an. Si vous cochez \u00ab\u00a0Se souvenir de moi\u00a0\u00bb, votre cookie de connexion sera conserv\u00e9 pendant deux semaines. Si vous vous d\u00e9connectez de votre compte, le cookie de connexion sera effac\u00e9.<\/p><p>En modifiant ou en publiant un article, un cookie suppl\u00e9mentaire sera enregistr\u00e9 dans votre navigateur. Ce cookie ne comprend aucune donn\u00e9e personnelle. Il indique simplement l\u2019identifiant de l\u2019article que vous venez de modifier. Il expire au bout d\u2019un jour.<\/p><h3>Contenu embarqu\u00e9 depuis d\u2019autres sites<\/h3><p>Les articles de ce site peuvent inclure des contenus int\u00e9gr\u00e9s (par exemple des vid\u00e9os, images, articles\u2026). Le contenu int\u00e9gr\u00e9 depuis d\u2019autres sites se comporte de la m\u00eame mani\u00e8re que si le visiteur se rendait sur cet autre site.<\/p><p>Ces sites web pourraient collecter des donn\u00e9es sur vous, utiliser des cookies, embarquer des outils de suivis tiers, suivre vos interactions avec ces contenus embarqu\u00e9s si vous disposez d\u2019un compte connect\u00e9 sur leur site web.<\/p><h3>Statistiques et mesures d\u2019audience<\/h3><h2>Utilisation et transmission de vos donn\u00e9es personnelles<\/h2><h2>Dur\u00e9es de stockage de vos donn\u00e9es<\/h2><p>Si vous laissez un commentaire, le commentaire et ses m\u00e9tadonn\u00e9es sont conserv\u00e9s ind\u00e9finiment. Cela permet de reconna\u00eetre et approuver automatiquement les commentaires suivants au lieu de les laisser dans la file de mod\u00e9ration.<\/p><p>Pour les utilisateurs et utilisatrices qui s\u2019enregistrent sur notre site (si cela est possible), nous stockons \u00e9galement les donn\u00e9es personnelles indiqu\u00e9es dans leur profil. Tous les utilisateurs et utilisatrices peuvent voir, modifier ou supprimer leurs informations personnelles \u00e0 tout moment (\u00e0 l\u2019exception de leur nom d\u2019utilisateur\u00b7ice). Les gestionnaires du site peuvent aussi voir et modifier ces informations.<\/p><h2>Les droits que vous avez sur vos donn\u00e9es<\/h2><p>Si vous avez un compte ou si vous avez laiss\u00e9 des commentaires sur le site, vous pouvez demander \u00e0 recevoir un fichier contenant toutes les donn\u00e9es personnelles que nous poss\u00e9dons \u00e0 votre sujet, incluant celles que vous nous avez fournies. Vous pouvez \u00e9galement demander la suppression des donn\u00e9es personnelles vous concernant. Cela ne prend pas en compte les donn\u00e9es stock\u00e9es \u00e0 des fins administratives, l\u00e9gales ou pour des raisons de s\u00e9curit\u00e9.<\/p><h2>Transmission de vos donn\u00e9es personnelles<\/h2><p>Les commentaires des visiteurs peuvent \u00eatre v\u00e9rifi\u00e9s \u00e0 l\u2019aide d\u2019un service automatis\u00e9 de d\u00e9tection des commentaires ind\u00e9sirables.<\/p><h2>Informations de contact<\/h2><h2>Informations suppl\u00e9mentaires<\/h2><h3>Comment nous prot\u00e9geons vos donn\u00e9es<\/h3><h3>Proc\u00e9dures mises en \u0153uvre en cas de fuite de donn\u00e9es<\/h3><h3>Les services tiers qui nous transmettent des donn\u00e9es<\/h3><h3>Op\u00e9rations de marketing automatis\u00e9 et\/ou de profilage r\u00e9alis\u00e9es \u00e0 l\u2019aide des donn\u00e9es personnelles<\/h3><h3>Affichage des informations li\u00e9es aux secteurs soumis \u00e0 des r\u00e9gulations sp\u00e9cifiques<\/h3>","_et_gb_content_width":"","footnotes":""},"class_list":["post-32235","page","type-page","status-publish","hentry"],"_links":{"self":[{"href":"https:\/\/www.select-hydrofoils.com\/en\/wp-json\/wp\/v2\/pages\/32235","targetHints":{"allow":["GET"]}}],"collection":[{"href":"https:\/\/www.select-hydrofoils.com\/en\/wp-json\/wp\/v2\/pages"}],"about":[{"href":"https:\/\/www.select-hydrofoils.com\/en\/wp-json\/wp\/v2\/types\/page"}],"author":[{"embeddable":true,"href":"https:\/\/www.select-hydrofoils.com\/en\/wp-json\/wp\/v2\/users\/1"}],"replies":[{"embeddable":true,"href":"https:\/\/www.select-hydrofoils.com\/en\/wp-json\/wp\/v2\/comments?post=32235"}],"version-history":[{"count":0,"href":"https:\/\/www.select-hydrofoils.com\/en\/wp-json\/wp\/v2\/pages\/32235\/revisions"}],"wp:attachment":[{"href":"https:\/\/www.select-hydrofoils.com\/en\/wp-json\/wp\/v2\/media?parent=32235"}],"curies":[{"name":"wp","href":"https:\/\/api.w.org\/{rel}","templated":true}]}}